{"id":700,"date":"2023-03-22T11:06:53","date_gmt":"2023-03-22T10:06:53","guid":{"rendered":"https:\/\/domkiulkowo.pl\/?page_id=700"},"modified":"2023-08-24T10:28:42","modified_gmt":"2023-08-24T08:28:42","slug":"regulamin","status":"publish","type":"page","link":"https:\/\/domkiulkowo.pl\/de\/regulamin\/","title":{"rendered":"Regulamin Domk\u00f3w"},"content":{"rendered":"<div data-elementor-type=\"wp-page\" data-elementor-id=\"700\" class=\"elementor elementor-700\" data-elementor-post-type=\"page\">\n\t\t\t\t\t\t<section class=\"elementor-section elementor-top-section elementor-element elementor-element-0fca5a0 elementor-section-boxed elementor-section-height-default elementor-section-height-default\" data-id=\"0fca5a0\" data-element_type=\"section\" data-settings=\"{&quot;background_background&quot;:&quot;classic&quot;}\">\n\t\t\t\t\t\t<div class=\"elementor-container elementor-column-gap-default\">\n\t\t\t\t\t<div class=\"elementor-column elementor-col-100 elementor-top-column elementor-element elementor-element-090340f\" data-id=\"090340f\" data-element_type=\"column\">\n\t\t\t<div class=\"elementor-widget-wrap elementor-element-populated\">\n\t\t\t\t\t\t<div class=\"elementor-element elementor-element-05281c0 elementor-widget-divider--view-line_icon elementor-widget-divider--element-align-right elementor-widget-divider--separator-type-pattern elementor-view-default elementor-widget elementor-widget-divider\" data-id=\"05281c0\" data-element_type=\"widget\" data-widget_type=\"divider.default\">\n\t\t\t\t<div class=\"elementor-widget-container\">\n\t\t\t\t\t\t\t<div class=\"elementor-divider\" style=\"--divider-pattern-url: url(&quot;data:image\/svg+xml,%3Csvg xmlns=&#039;http:\/\/www.w3.org\/2000\/svg&#039; preserveAspectRatio=&#039;none&#039; overflow=&#039;visible&#039; height=&#039;100%&#039; viewBox=&#039;0 0 24 24&#039; fill=&#039;none&#039; stroke=&#039;black&#039; stroke-width=&#039;1&#039; stroke-linecap=&#039;square&#039; stroke-miterlimit=&#039;10&#039;%3E%3Cpath d=&#039;M0,21c3.3,0,8.3-0.9,15.7-7.1c6.6-5.4,4.4-9.3,2.4-10.3c-3.4-1.8-7.7,1.3-7.3,8.8C11.2,20,17.1,21,24,21&#039;\/%3E%3C\/svg%3E&quot;);\">\n\t\t\t<span class=\"elementor-divider-separator\">\n\t\t\t\t\t\t\t<div class=\"elementor-icon elementor-divider__element\">\n\t\t\t\t\t<svg xmlns=\"http:\/\/www.w3.org\/2000\/svg\" xmlns:xlink=\"http:\/\/www.w3.org\/1999\/xlink\" id=\"Layer_1\" x=\"0px\" y=\"0px\" viewbox=\"0 0 128 128\" style=\"enable-background:new 0 0 128 128;\" xml:space=\"preserve\"><g id=\"_x31_\">\t<path style=\"fill:#FFCD5F;\" d=\"M94.951,87.087c-0.378,1.838-0.811,3.621-1.315,5.351c-4.558,16.016-13.692,26.933-24.231,26.933  c-0.919,0-1.82-0.09-2.702-0.234c-1.856-0.342-3.657-1.009-5.405-2c-1.802-1.027-3.531-2.396-5.152-4.053  c-4.792-4.864-8.683-12.286-11.134-21.258c-0.396-1.405-0.757-2.864-1.063-4.342c-0.45-2.09-0.829-4.234-1.099-6.45  c1.874-1.477,3.765-3.171,5.639-5.044c0.414-0.414,0.829-0.847,1.207-1.279c1.045-1.153,1.982-2.36,2.828-3.603  c7.44-10.863,8.683-25.059,8.756-32.41c0-0.54,0-1.045,0.018-1.513c-0.018-0.36-0.018-0.703-0.018-1.027  c-0.468-0.018-1.009-0.018-1.585-0.018c-2.72,0-6.63,0.144-11.062,0.775c0.991-2.126,2.072-4.072,3.243-5.855  c4.738-7.278,10.863-11.674,17.529-11.674c2.144,0,4.216,0.45,6.215,1.315c6.432,2.738,11.998,9.656,15.8,19.096  c-0.054-0.018-0.108-0.036-0.162-0.054c-2.09-0.739-4.198-1.315-6.251-1.784c-7.693-1.766-14.755-1.892-18.268-1.802  c-0.018,0.396-0.018,0.829-0.018,1.297v0.883c0.054,7.26,1.207,21.763,8.756,32.77c0.847,1.261,1.784,2.468,2.828,3.603  c0.378,0.432,0.793,0.865,1.207,1.279c2.252,2.252,4.504,4.216,6.756,5.927c1.621,1.225,3.243,2.288,4.846,3.225  C92.41,85.88,93.689,86.528,94.951,87.087z\"><\/path>\t<path id=\"icon\" style=\"fill:#231F20;\" d=\"M110.39,45.111c-6.089-6.089-13.764-9.638-21.114-11.674  c-3.207-8.864-7.909-15.818-13.53-19.925C80.502,10.863,83.727,5.801,83.727,0h-5.405c0,5.441-4.36,9.872-9.764,10.035h-0.036  c-0.018,0.018-0.018,0.018-0.036,0C67.027,9.674,65.531,9.476,64,9.476s-3.027,0.198-4.486,0.558c-0.018,0.018-0.018,0.018-0.036,0  h-0.036C54.037,9.872,49.678,5.441,49.678,0h-5.405c0,5.801,3.225,10.863,7.981,13.512c-5.621,4.107-10.323,11.062-13.53,19.925  c-7.35,2.036-15.025,5.585-21.114,11.674C-1.793,64.513,0.676,80.745,8.674,88.744c6.017,6.035,16.682,8.918,29.87,1.729  c3.927,11.062,10.161,19.205,17.601,22.609c1.657,0.757,3.387,1.279,5.152,1.549V128h5.405v-13.367  c9.692-1.441,17.943-10.647,22.754-24.177c1.423,0.775,2.828,1.441,4.18,1.982c3.891,1.585,7.512,2.27,10.827,2.27  c6.251,0,11.35-2.45,14.863-5.963C127.324,80.745,129.793,64.513,110.39,45.111z M64,14.881c4.18,0,8.143,2.126,11.62,5.819  c2.72,2.882,5.134,6.72,7.116,11.242C73.062,30.23,65.117,30.788,64,30.879c-0.847-0.072-5.621-0.414-12.124,0.18  c-2.054,0.198-4.288,0.468-6.612,0.883C49.804,21.583,56.578,14.881,64,14.881z M58.92,71.107c2.288-3.999,3.927-8.251,5.08-12.377  c1.027,3.675,2.432,7.422,4.324,11.007c0.234,0.45,0.486,0.919,0.757,1.369L58.92,71.107L58.92,71.107z M71.386,74.71  c1.261,1.784,2.684,3.495,4.288,5.098c1.477,1.477,2.955,2.846,4.396,4.072H47.93c1.441-1.225,2.918-2.594,4.396-4.072  c1.603-1.603,3.027-3.315,4.288-5.098H71.386z M41.733,81.916c-1.639,1.225-3.243,2.306-4.846,3.225  c-9.584,5.549-18.502,5.675-24.393-0.216C4.279,76.71,7.792,62.586,21.429,48.93c4.378-4.378,9.836-7.296,15.331-9.206  c2.09-0.721,4.18-1.297,6.215-1.765c1.946-0.45,3.837-0.793,5.657-1.045c4.432-0.63,8.341-0.775,11.062-0.775  c0.577,0,1.117,0,1.585,0.018c0,0.324,0,0.667,0.018,1.027c-0.018,0.468-0.018,0.973-0.018,1.513  c-0.072,7.35-1.315,21.547-8.756,32.41c-0.847,1.243-1.784,2.45-2.828,3.603c-0.378,0.432-0.793,0.865-1.207,1.279  c-1.874,1.874-3.765,3.567-5.639,5.044C42.471,81.34,42.111,81.628,41.733,81.916z M64,109.462c-5.315,0-10.323-3.441-14.394-9.224  h28.789C74.323,106.021,69.315,109.462,64,109.462z M80.628,96.635H47.372c-0.847-1.495-1.639-3.099-2.36-4.81  c-0.595-1.387-1.153-2.828-1.658-4.342h41.292C83.511,90.852,82.178,93.915,80.628,96.635z M115.506,84.925  c-5.08,5.098-12.449,5.693-20.556,2.162c-1.261-0.558-2.54-1.207-3.837-1.946c-1.603-0.937-3.225-2-4.846-3.225  c-2.252-1.711-4.504-3.675-6.756-5.927c-0.414-0.414-0.829-0.847-1.207-1.279c-1.045-1.135-1.982-2.342-2.828-3.603  c-7.548-11.007-8.702-25.51-8.756-32.77v-0.883c0-0.468,0-0.901,0.018-1.297c3.513-0.09,10.575,0.036,18.268,1.802  c2.054,0.468,4.162,1.045,6.251,1.784c0.054,0.018,0.108,0.036,0.162,0.054c5.441,1.91,10.809,4.792,15.151,9.134  C120.208,62.586,123.721,76.71,115.506,84.925z\"><\/path><\/g><g id=\"Layer_1_1_\"><\/g><\/svg><\/div>\n\t\t\t\t\t\t<\/span>\n\t\t<\/div>\n\t\t\t\t\t\t<\/div>\n\t\t\t\t<\/div>\n\t\t\t\t<div class=\"elementor-element elementor-element-bf1b6b6 elementor-widget elementor-widget-heading\" data-id=\"bf1b6b6\" data-element_type=\"widget\" data-widget_type=\"heading.default\">\n\t\t\t\t<div class=\"elementor-widget-container\">\n\t\t\t\t\t<h1 class=\"elementor-heading-title elementor-size-default\">HAUSORDNUNG ULKOWO<\/h1>\t\t\t\t<\/div>\n\t\t\t\t<\/div>\n\t\t\t\t\t<\/div>\n\t\t<\/div>\n\t\t\t\t\t<\/div>\n\t\t<\/section>\n\t\t\t\t<section class=\"elementor-section elementor-top-section elementor-element elementor-element-ec1550e elementor-section-boxed elementor-section-height-default elementor-section-height-default\" data-id=\"ec1550e\" data-element_type=\"section\">\n\t\t\t\t\t\t<div class=\"elementor-container elementor-column-gap-default\">\n\t\t\t\t\t<div class=\"elementor-column elementor-col-100 elementor-top-column elementor-element elementor-element-7320bda\" data-id=\"7320bda\" data-element_type=\"column\">\n\t\t\t<div class=\"elementor-widget-wrap elementor-element-populated\">\n\t\t\t\t\t\t<div class=\"elementor-element elementor-element-83e7098 terms elementor-widget elementor-widget-text-editor\" data-id=\"83e7098\" data-element_type=\"widget\" data-widget_type=\"text-editor.default\">\n\t\t\t\t<div class=\"elementor-widget-container\">\n\t\t\t\t\t\t\t\t\t<h2>\u00a7 1. Allgemeine Bestimmungen<\/h2><ol><li>Der Tag beginnt um 15:00 Uhr am ersten Tag Ihres Aufenthalts und endet um 10:00 Uhr am letzten Tag Ihres Aufenthalts.<\/li><li>In den Ferienh\u00e4usern ist der Aufenthalt mit Tieren nur nach vorheriger Absprache m\u00f6glich - die Geb\u00fchr f\u00fcr ein Haustier betr\u00e4gt 30 PLN \/ Tag. Die Besitzer m\u00fcssen ein g\u00fcltiges Impfbuch haben, Abf\u00e4lle entsorgen und mit den Tieren au\u00dferhalb der Anlage Gassi gehen. Tierhalter tragen die volle Haftung f\u00fcr Sch\u00e4den und Material.<\/li><li>Dritte d\u00fcrfen den Mieter nur nach Absprache mit dem Vermieter besuchen. G\u00e4ste von au\u00dferhalb d\u00fcrfen bis 21:00 Uhr bleiben.\u00a0<\/li><li>Ruhezeiten sind von 22.00 bis 7.00 Uhr.<\/li><li>Personen, die die Ruhe und Ordnung in den H\u00fctten st\u00f6ren, k\u00f6nnen ohne Anspruch auf R\u00fcckerstattung der zuvor entstandenen Geb\u00fchren und Entsch\u00e4digungen entfernt werden.<\/li><li>Die Einrichtung ist nicht verantwortlich f\u00fcr Wertgegenst\u00e4nde und Bargeld, die in den Cottages zur\u00fcckgelassen werden, daher sollte beim Verlassen des Cottages darauf geachtet werden, Fenster und T\u00fcren zu schlie\u00dfen.<\/li><li>Das Abstellen von Fahrzeugen erfolgt nur auf ausgewiesenen Parkpl\u00e4tzen.<\/li><li>In den H\u00fctten herrscht absolutes Rauch- und Bratverbot. Jedes Cottage ist mit einem gusseisernen Ofen ausgestattet, bitte seien Sie besonders vorsichtig, wenn Sie ihn benutzen. Stellen Sie alle Gegenst\u00e4nde und M\u00f6bel mindestens 80 cm vom Ofen entfernt auf. Bei einem Aufenthalt in H\u00e4usern mit Kindern ist besondere Vorsicht geboten. Kinder m\u00fcssen unter st\u00e4ndiger Aufsicht eines Erziehungsberechtigten sein.<\/li><li>Es ist verboten, eigene elektrische Ger\u00e4te, Gasflaschen in den H\u00fctten zu verwenden, den Grill au\u00dferhalb des daf\u00fcr vorgesehenen Platzes anzuz\u00fcnden, Pyrotechnik, Laternen, B\u00f6ller usw. zu verwenden.<\/li><li>Der Aufenthalt von Kindern und Jugendlichen unter 18 Jahren in der Einrichtung ist nur unter Aufsicht von Erwachsenen gestattet.<\/li><li>Der Mieter des Hauses ist verpflichtet, den Zustand der Ausstattung des Hauses zu \u00fcberpr\u00fcfen, die \u00dcbereinstimmung der Ausstattung mit der Liste zu best\u00e4tigen und f\u00fcr M\u00e4ngel und Sch\u00e4den, die w\u00e4hrend der Nutzung entstehen, finanziell einzustehen. Wer Ger\u00e4te, Einrichtungsgegenst\u00e4nde, H\u00e4user und deren Umgebung zerst\u00f6rt, haftet finanziell f\u00fcr den entstandenen Schaden. Der Mieter ist verpflichtet, vor Verlassen des Ferienortes die Ausstattung des Hauses zu begleichen. Beim Check-in wird eine erstattbare Kaution erhoben. Der Mieter haftet finanziell f\u00fcr alle durch sein Verschulden verursachten Sch\u00e4den.<\/li><\/ol><p><strong>Die Hausordnung gilt f\u00fcr alle G\u00e4ste der H\u00e4user und andere sich auf ihrem Gel\u00e4nde aufhaltende Personen. Die Einhaltung der Vorschriften durch Sie und andere G\u00e4ste gew\u00e4hrleistet einen ruhigen und sicheren Aufenthalt. Eine Reservierung ist gleichbedeutend mit der Annahme der Bestimmungen dieses Reglements.<\/strong><\/p><h2>\u00a7 2. Buchungsbedingungen<\/h2><ol><li>Eine Vorreservierung kann telefonisch erfolgen: 608764880 oder per E-Mail: domkiulkowo@gmail.com<\/li><li>Zum Zeitpunkt der Buchung (Zahlung einer Anzahlung von 30% f\u00fcr den gesamten Aufenthalt) gilt der Mietvertrag als abgeschlossen.\u00a0<\/li><li>Am Anreisetag wird eine Kaution in H\u00f6he von 500 PLN erhoben - die Kaution wird am Abreisetag nach dem Passieren des Hauses zur\u00fcckerstattet.<\/li><li>Der Restbetrag f\u00fcr den Aufenthalt wird vom Vermieter vor Anreise per Bank\u00fcberweisung oder am Anreisetag bei der Schl\u00fcssel\u00fcbergabe in bar bezahlt.\u00a0<\/li><li>Der Mietpreis beinhaltet nicht die Kurtaxe. Geb\u00fchr f\u00fcr das Gemeindeb\u00fcro Choczewo 2 PLN \/ Tag \/ 1 Person<\/li><li>Im Falle einer \u00c4nderung des Buchungsdatums durch den Vermieter oder einer vollst\u00e4ndigen Stornierung des Aufenthalts aus Gr\u00fcnden, die au\u00dferhalb unserer Kontrolle liegen, wird die Anzahlung nicht zur\u00fcckerstattet.<\/li><li>Bei vorzeitigem Check-out wird die Preisdifferenz, die sich aus einem k\u00fcrzeren Aufenthalt ergibt, nicht erstattet.<\/li><li>Bei Verlust der Schl\u00fcssel wird eine Geb\u00fchr von 100 PLN erhoben.<\/li><li>Durch die Reservierung stimmt der Vermieter der Verarbeitung personenbezogener Daten nur zum Zweck der Reservierung und Erf\u00fcllung der Registrierungspflicht gem\u00e4\u00df den Bestimmungen des Datenschutzgesetzes zu. Die Person, die die Reservierung vornimmt, hat das Recht, ihre pers\u00f6nlichen Daten einzusehen und zu aktualisieren.<\/li><\/ol>\t\t\t\t\t\t\t\t<\/div>\n\t\t\t\t<\/div>\n\t\t\t\t\t<\/div>\n\t\t<\/div>\n\t\t\t\t\t<\/div>\n\t\t<\/section>\n\t\t\t\t<\/div>","protected":false},"excerpt":{"rendered":"<p>REGULAMIN DOMKI ULKOWO \u00a7 1. Postanowienia og\u00f3lne Doba rozpoczyna si\u0119 w pierwszym dniu pobytu od godziny 15:00, a ko\u0144czy si\u0119 o godzinie 10:00 ostatniego dnia pobytu. W domkach mo\u017cliwy jest pobyt ze zwierz\u0119tami tylko po wcze\u015bniejszym uzgodnieniu- op\u0142ata za zwierzaka wynosi 30 z\u0142\/doba. W\u0142a\u015bciciele zobowi\u0105zani s\u0105 do posiadania aktualnej ksi\u0105\u017ceczki szczepie\u0144, sprz\u0105tania nieczysto\u015bci oraz wyprowadzania [&hellip;]<\/p>","protected":false},"author":3,"featured_media":0,"parent":0,"menu_order":0,"comment_status":"closed","ping_status":"closed","template":"","meta":{"site-sidebar-layout":"no-sidebar","site-content-layout":"page-builder","ast-site-content-layout":"full-width-container","site-content-style":"unboxed","site-sidebar-style":"unboxed","ast-global-header-display":"","ast-banner-title-visibility":"","ast-main-header-display":"","ast-hfb-above-header-display":"","ast-hfb-below-header-display":"","ast-hfb-mobile-header-display":"","site-post-title":"disabled","ast-breadcrumbs-content":"","ast-featured-img":"disabled","footer-sml-layout":"","ast-disable-related-posts":"","theme-transparent-header-meta":"","adv-header-id-meta":"","stick-header-meta":"","header-above-stick-meta":"","header-main-stick-meta":"","header-below-stick-meta":"","astra-migrate-meta-layouts":"set","ast-page-background-enabled":"default","ast-page-background-meta":{"desktop":{"background-color":"var(--ast-global-color-4)","background-image":"","background-repeat":"repeat","background-position":"center center","background-size":"auto","background-attachment":"scroll","background-type":"","background-media":"","overlay-type":"","overlay-color":"","overlay-opacity":"","overlay-gradient":""},"tablet":{"background-color":"","background-image":"","background-repeat":"repeat","background-position":"center center","background-size":"auto","background-attachment":"scroll","background-type":"","background-media":"","overlay-type":"","overlay-color":"","overlay-opacity":"","overlay-gradient":""},"mobile":{"background-color":"","background-image":"","background-repeat":"repeat","background-position":"center center","background-size":"auto","background-attachment":"scroll","background-type":"","background-media":"","overlay-type":"","overlay-color":"","overlay-opacity":"","overlay-gradient":""}},"ast-content-background-meta":{"desktop":{"background-color":"var(--ast-global-color-5)","background-image":"","background-repeat":"repeat","background-position":"center center","background-size":"auto","background-attachment":"scroll","background-type":"","background-media":"","overlay-type":"","overlay-color":"","overlay-opacity":"","overlay-gradient":""},"tablet":{"background-color":"var(--ast-global-color-5)","background-image":"","background-repeat":"repeat","background-position":"center center","background-size":"auto","background-attachment":"scroll","background-type":"","background-media":"","overlay-type":"","overlay-color":"","overlay-opacity":"","overlay-gradient":""},"mobile":{"background-color":"var(--ast-global-color-5)","background-image":"","background-repeat":"repeat","background-position":"center center","background-size":"auto","background-attachment":"scroll","background-type":"","background-media":"","overlay-type":"","overlay-color":"","overlay-opacity":"","overlay-gradient":""}},"footnotes":""},"class_list":["post-700","page","type-page","status-publish","hentry"],"aioseo_notices":[],"_links":{"self":[{"href":"https:\/\/domkiulkowo.pl\/de\/wp-json\/wp\/v2\/pages\/700","targetHints":{"allow":["GET"]}}],"collection":[{"href":"https:\/\/domkiulkowo.pl\/de\/wp-json\/wp\/v2\/pages"}],"about":[{"href":"https:\/\/domkiulkowo.pl\/de\/wp-json\/wp\/v2\/types\/page"}],"author":[{"embeddable":true,"href":"https:\/\/domkiulkowo.pl\/de\/wp-json\/wp\/v2\/users\/3"}],"replies":[{"embeddable":true,"href":"https:\/\/domkiulkowo.pl\/de\/wp-json\/wp\/v2\/comments?post=700"}],"version-history":[{"count":17,"href":"https:\/\/domkiulkowo.pl\/de\/wp-json\/wp\/v2\/pages\/700\/revisions"}],"predecessor-version":[{"id":772,"href":"https:\/\/domkiulkowo.pl\/de\/wp-json\/wp\/v2\/pages\/700\/revisions\/772"}],"wp:attachment":[{"href":"https:\/\/domkiulkowo.pl\/de\/wp-json\/wp\/v2\/media?parent=700"}],"curies":[{"name":"wp","href":"https:\/\/api.w.org\/{rel}","templated":true}]}}