{"id":679,"date":"2023-03-22T10:58:54","date_gmt":"2023-03-22T09:58:54","guid":{"rendered":"https:\/\/domkiulkowo.pl\/?page_id=679"},"modified":"2023-03-22T11:24:52","modified_gmt":"2023-03-22T10:24:52","slug":"o-nas","status":"publish","type":"page","link":"https:\/\/domkiulkowo.pl\/en\/o-nas\/","title":{"rendered":"About us"},"content":{"rendered":"<div data-elementor-type=\"wp-page\" data-elementor-id=\"679\" class=\"elementor elementor-679\" data-elementor-post-type=\"page\">\n\t\t\t\t\t\t<section class=\"elementor-section elementor-top-section elementor-element elementor-element-156c482 elementor-section-height-min-height elementor-section-boxed elementor-section-height-default elementor-section-items-middle\" data-id=\"156c482\" data-element_type=\"section\" data-settings=\"{&quot;background_background&quot;:&quot;classic&quot;,&quot;background_motion_fx_motion_fx_scrolling&quot;:&quot;yes&quot;,&quot;background_motion_fx_translateY_effect&quot;:&quot;yes&quot;,&quot;background_motion_fx_translateY_speed&quot;:{&quot;unit&quot;:&quot;px&quot;,&quot;size&quot;:3,&quot;sizes&quot;:[]},&quot;background_motion_fx_devices&quot;:[&quot;desktop&quot;],&quot;background_motion_fx_translateY_affectedRange&quot;:{&quot;unit&quot;:&quot;%&quot;,&quot;size&quot;:&quot;&quot;,&quot;sizes&quot;:{&quot;start&quot;:0,&quot;end&quot;:100}}}\">\n\t\t\t\t\t\t\t<div class=\"elementor-background-overlay\"><\/div>\n\t\t\t\t\t\t\t<div class=\"elementor-container elementor-column-gap-default\">\n\t\t\t\t\t<div class=\"elementor-column elementor-col-100 elementor-top-column elementor-element elementor-element-9c2d462\" data-id=\"9c2d462\" data-element_type=\"column\">\n\t\t\t<div class=\"elementor-widget-wrap elementor-element-populated\">\n\t\t\t\t\t\t<div class=\"elementor-element elementor-element-c739009 elementor-widget elementor-widget-heading\" data-id=\"c739009\" data-element_type=\"widget\" data-widget_type=\"heading.default\">\n\t\t\t\t<div class=\"elementor-widget-container\">\n\t\t\t\t\t<h1 class=\"elementor-heading-title elementor-size-default\">About us<\/h1>\t\t\t\t<\/div>\n\t\t\t\t<\/div>\n\t\t\t\t\t<\/div>\n\t\t<\/div>\n\t\t\t\t\t<\/div>\n\t\t<\/section>\n\t\t\t\t<section class=\"elementor-section elementor-top-section elementor-element elementor-element-21f194c elementor-section-boxed elementor-section-height-default elementor-section-height-default\" data-id=\"21f194c\" data-element_type=\"section\">\n\t\t\t\t\t\t<div class=\"elementor-container elementor-column-gap-default\">\n\t\t\t\t\t<div class=\"elementor-column elementor-col-50 elementor-top-column elementor-element elementor-element-a504020 elementor-hidden-tablet\" data-id=\"a504020\" data-element_type=\"column\">\n\t\t\t<div class=\"elementor-widget-wrap elementor-element-populated\">\n\t\t\t\t\t\t<div class=\"elementor-element elementor-element-ff6500f elementor-widget elementor-widget-image\" data-id=\"ff6500f\" data-element_type=\"widget\" data-widget_type=\"image.default\">\n\t\t\t\t<div class=\"elementor-widget-container\">\n\t\t\t\t\t\t\t\t\t\t\t\t\t\t\t<img fetchpriority=\"high\" decoding=\"async\" width=\"667\" height=\"1000\" src=\"https:\/\/domkiulkowo.pl\/wp-content\/uploads\/2022\/12\/4N5A4962.webp\" class=\"attachment-large size-large wp-image-258\" alt=\"\" srcset=\"https:\/\/domkiulkowo.pl\/wp-content\/uploads\/2022\/12\/4N5A4962.webp 667w, https:\/\/domkiulkowo.pl\/wp-content\/uploads\/2022\/12\/4N5A4962-600x900.webp 600w, https:\/\/domkiulkowo.pl\/wp-content\/uploads\/2022\/12\/4N5A4962-280x420.webp 280w\" sizes=\"(max-width: 667px) 100vw, 667px\" \/>\t\t\t\t\t\t\t\t\t\t\t\t\t\t\t<\/div>\n\t\t\t\t<\/div>\n\t\t\t\t<div class=\"elementor-element elementor-element-6c5c206 elementor-widget__width-initial elementor-absolute elementor-view-default elementor-widget elementor-widget-icon\" data-id=\"6c5c206\" data-element_type=\"widget\" data-settings=\"{&quot;_position&quot;:&quot;absolute&quot;}\" data-widget_type=\"icon.default\">\n\t\t\t\t<div class=\"elementor-widget-container\">\n\t\t\t\t\t\t\t<div class=\"elementor-icon-wrapper\">\n\t\t\t<div class=\"elementor-icon\">\n\t\t\t<svg xmlns=\"http:\/\/www.w3.org\/2000\/svg\" xmlns:xlink=\"http:\/\/www.w3.org\/1999\/xlink\" x=\"0px\" y=\"0px\" viewbox=\"0 0 128 128\" style=\"enable-background:new 0 0 128 128;\" xml:space=\"preserve\"><g id=\"_x32_\">\t<path style=\"fill:#FFCD5F;\" d=\"M104.878,81.324l13.43-23.317l-13.43-23.338h-26.16L65.268,11.331h-26.86l-13.43,23.338  l13.43,23.338h-1.421l-13.43,23.317l13.43,23.338h26.16L76.597,128h26.86l13.43-23.338l-13.43-23.338H104.878z\"><\/path>\t<path id=\"icon_16_\" style=\"fill:#231F20;\" d=\"M111.575,49.759L96.36,23.334H70.197L56.763,0H26.32L11.106,26.424l12.728,22.107  L9.691,73.093l15.214,26.425h26.163l13.434,23.334h30.443l15.214-26.424L97.433,74.321L111.575,49.759z M92.788,29.514  l11.656,20.245L92.788,70.003H69.49L57.835,49.759L69.49,29.514H92.788z M18.236,26.424L29.892,6.18H53.19l11.302,19.63  l-12.009,20.86H29.892L18.236,26.424z M28.478,93.338L16.822,73.093l11.656-20.244h24.005l10.948,19.016L51.069,93.338H28.478z   M103.03,96.428l-11.656,20.244H68.076L56.421,96.428l11.655-20.245h23.298L103.03,96.428z M33.997,11.647l-9.555,16.16  l-1.772-1.048L32.822,9.587h20.033v2.06H33.997z M61.163,50.404l10.152-17.172h20.033v2.06H72.49l-9.555,16.16L61.163,50.404z   M69.899,79.622h20.033v2.06H71.074l-9.555,16.16l-1.772-1.048L69.899,79.622z M30.762,56.963h20.033v2.06H31.937l-9.555,16.16  l-1.772-1.048L30.762,56.963z\"><\/path><\/g><g id=\"Layer_1\"><\/g><\/svg>\t\t\t<\/div>\n\t\t<\/div>\n\t\t\t\t\t\t<\/div>\n\t\t\t\t<\/div>\n\t\t\t\t\t<\/div>\n\t\t<\/div>\n\t\t\t\t<div class=\"elementor-column elementor-col-50 elementor-top-column elementor-element elementor-element-7c5a71d\" data-id=\"7c5a71d\" data-element_type=\"column\">\n\t\t\t<div class=\"elementor-widget-wrap elementor-element-populated\">\n\t\t\t\t\t\t<div class=\"elementor-element elementor-element-a3dc2b6 elementor-widget-divider--view-line_icon elementor-widget-divider--element-align-right elementor-widget-divider--separator-type-pattern elementor-view-default elementor-widget elementor-widget-divider\" data-id=\"a3dc2b6\" data-element_type=\"widget\" data-widget_type=\"divider.default\">\n\t\t\t\t<div class=\"elementor-widget-container\">\n\t\t\t\t\t\t\t<div class=\"elementor-divider\" style=\"--divider-pattern-url: url(&quot;data:image\/svg+xml,%3Csvg xmlns=&#039;http:\/\/www.w3.org\/2000\/svg&#039; preserveAspectRatio=&#039;none&#039; overflow=&#039;visible&#039; height=&#039;100%&#039; viewBox=&#039;0 0 24 24&#039; fill=&#039;none&#039; stroke=&#039;black&#039; stroke-width=&#039;1&#039; stroke-linecap=&#039;square&#039; stroke-miterlimit=&#039;10&#039;%3E%3Cpath d=&#039;M0,21c3.3,0,8.3-0.9,15.7-7.1c6.6-5.4,4.4-9.3,2.4-10.3c-3.4-1.8-7.7,1.3-7.3,8.8C11.2,20,17.1,21,24,21&#039;\/%3E%3C\/svg%3E&quot;);\">\n\t\t\t<span class=\"elementor-divider-separator\">\n\t\t\t\t\t\t\t<div class=\"elementor-icon elementor-divider__element\">\n\t\t\t\t\t<svg xmlns=\"http:\/\/www.w3.org\/2000\/svg\" xmlns:xlink=\"http:\/\/www.w3.org\/1999\/xlink\" id=\"Layer_1\" x=\"0px\" y=\"0px\" viewbox=\"0 0 128 128\" style=\"enable-background:new 0 0 128 128;\" xml:space=\"preserve\"><g id=\"_x31_\">\t<path style=\"fill:#FFCD5F;\" d=\"M94.951,87.087c-0.378,1.838-0.811,3.621-1.315,5.351c-4.558,16.016-13.692,26.933-24.231,26.933  c-0.919,0-1.82-0.09-2.702-0.234c-1.856-0.342-3.657-1.009-5.405-2c-1.802-1.027-3.531-2.396-5.152-4.053  c-4.792-4.864-8.683-12.286-11.134-21.258c-0.396-1.405-0.757-2.864-1.063-4.342c-0.45-2.09-0.829-4.234-1.099-6.45  c1.874-1.477,3.765-3.171,5.639-5.044c0.414-0.414,0.829-0.847,1.207-1.279c1.045-1.153,1.982-2.36,2.828-3.603  c7.44-10.863,8.683-25.059,8.756-32.41c0-0.54,0-1.045,0.018-1.513c-0.018-0.36-0.018-0.703-0.018-1.027  c-0.468-0.018-1.009-0.018-1.585-0.018c-2.72,0-6.63,0.144-11.062,0.775c0.991-2.126,2.072-4.072,3.243-5.855  c4.738-7.278,10.863-11.674,17.529-11.674c2.144,0,4.216,0.45,6.215,1.315c6.432,2.738,11.998,9.656,15.8,19.096  c-0.054-0.018-0.108-0.036-0.162-0.054c-2.09-0.739-4.198-1.315-6.251-1.784c-7.693-1.766-14.755-1.892-18.268-1.802  c-0.018,0.396-0.018,0.829-0.018,1.297v0.883c0.054,7.26,1.207,21.763,8.756,32.77c0.847,1.261,1.784,2.468,2.828,3.603  c0.378,0.432,0.793,0.865,1.207,1.279c2.252,2.252,4.504,4.216,6.756,5.927c1.621,1.225,3.243,2.288,4.846,3.225  C92.41,85.88,93.689,86.528,94.951,87.087z\"><\/path>\t<path id=\"icon\" style=\"fill:#231F20;\" d=\"M110.39,45.111c-6.089-6.089-13.764-9.638-21.114-11.674  c-3.207-8.864-7.909-15.818-13.53-19.925C80.502,10.863,83.727,5.801,83.727,0h-5.405c0,5.441-4.36,9.872-9.764,10.035h-0.036  c-0.018,0.018-0.018,0.018-0.036,0C67.027,9.674,65.531,9.476,64,9.476s-3.027,0.198-4.486,0.558c-0.018,0.018-0.018,0.018-0.036,0  h-0.036C54.037,9.872,49.678,5.441,49.678,0h-5.405c0,5.801,3.225,10.863,7.981,13.512c-5.621,4.107-10.323,11.062-13.53,19.925  c-7.35,2.036-15.025,5.585-21.114,11.674C-1.793,64.513,0.676,80.745,8.674,88.744c6.017,6.035,16.682,8.918,29.87,1.729  c3.927,11.062,10.161,19.205,17.601,22.609c1.657,0.757,3.387,1.279,5.152,1.549V128h5.405v-13.367  c9.692-1.441,17.943-10.647,22.754-24.177c1.423,0.775,2.828,1.441,4.18,1.982c3.891,1.585,7.512,2.27,10.827,2.27  c6.251,0,11.35-2.45,14.863-5.963C127.324,80.745,129.793,64.513,110.39,45.111z M64,14.881c4.18,0,8.143,2.126,11.62,5.819  c2.72,2.882,5.134,6.72,7.116,11.242C73.062,30.23,65.117,30.788,64,30.879c-0.847-0.072-5.621-0.414-12.124,0.18  c-2.054,0.198-4.288,0.468-6.612,0.883C49.804,21.583,56.578,14.881,64,14.881z M58.92,71.107c2.288-3.999,3.927-8.251,5.08-12.377  c1.027,3.675,2.432,7.422,4.324,11.007c0.234,0.45,0.486,0.919,0.757,1.369L58.92,71.107L58.92,71.107z M71.386,74.71  c1.261,1.784,2.684,3.495,4.288,5.098c1.477,1.477,2.955,2.846,4.396,4.072H47.93c1.441-1.225,2.918-2.594,4.396-4.072  c1.603-1.603,3.027-3.315,4.288-5.098H71.386z M41.733,81.916c-1.639,1.225-3.243,2.306-4.846,3.225  c-9.584,5.549-18.502,5.675-24.393-0.216C4.279,76.71,7.792,62.586,21.429,48.93c4.378-4.378,9.836-7.296,15.331-9.206  c2.09-0.721,4.18-1.297,6.215-1.765c1.946-0.45,3.837-0.793,5.657-1.045c4.432-0.63,8.341-0.775,11.062-0.775  c0.577,0,1.117,0,1.585,0.018c0,0.324,0,0.667,0.018,1.027c-0.018,0.468-0.018,0.973-0.018,1.513  c-0.072,7.35-1.315,21.547-8.756,32.41c-0.847,1.243-1.784,2.45-2.828,3.603c-0.378,0.432-0.793,0.865-1.207,1.279  c-1.874,1.874-3.765,3.567-5.639,5.044C42.471,81.34,42.111,81.628,41.733,81.916z M64,109.462c-5.315,0-10.323-3.441-14.394-9.224  h28.789C74.323,106.021,69.315,109.462,64,109.462z M80.628,96.635H47.372c-0.847-1.495-1.639-3.099-2.36-4.81  c-0.595-1.387-1.153-2.828-1.658-4.342h41.292C83.511,90.852,82.178,93.915,80.628,96.635z M115.506,84.925  c-5.08,5.098-12.449,5.693-20.556,2.162c-1.261-0.558-2.54-1.207-3.837-1.946c-1.603-0.937-3.225-2-4.846-3.225  c-2.252-1.711-4.504-3.675-6.756-5.927c-0.414-0.414-0.829-0.847-1.207-1.279c-1.045-1.135-1.982-2.342-2.828-3.603  c-7.548-11.007-8.702-25.51-8.756-32.77v-0.883c0-0.468,0-0.901,0.018-1.297c3.513-0.09,10.575,0.036,18.268,1.802  c2.054,0.468,4.162,1.045,6.251,1.784c0.054,0.018,0.108,0.036,0.162,0.054c5.441,1.91,10.809,4.792,15.151,9.134  C120.208,62.586,123.721,76.71,115.506,84.925z\"><\/path><\/g><g id=\"Layer_1_1_\"><\/g><\/svg><\/div>\n\t\t\t\t\t\t<\/span>\n\t\t<\/div>\n\t\t\t\t\t\t<\/div>\n\t\t\t\t<\/div>\n\t\t\t\t<div class=\"elementor-element elementor-element-96da4e9 elementor-widget elementor-widget-heading\" data-id=\"96da4e9\" data-element_type=\"widget\" data-widget_type=\"heading.default\">\n\t\t\t\t<div class=\"elementor-widget-container\">\n\t\t\t\t\t<h2 class=\"elementor-heading-title elementor-size-default\">Meet our <br \/><span class=\"color\">honey<\/span> family<\/h2>\t\t\t\t<\/div>\n\t\t\t\t<\/div>\n\t\t\t\t<div class=\"elementor-element elementor-element-81c0eb6 elementor-widget elementor-widget-text-editor\" data-id=\"81c0eb6\" data-element_type=\"widget\" data-widget_type=\"text-editor.default\">\n\t\t\t\t<div class=\"elementor-widget-container\">\n\t\t\t\t\t\t\t\t\t<p>The honey family is us, that is Amelia, Mateusz and a little bee - Ulka, whose name inspired the name of our place. One day, returning from a construction site, our one-year-old daughter was whining in the car.<\/p><p>I entertained her by coming up with names for our cabins. The seaside corner, the quietness of the field, did not appeal to Ula. No wonder they already exist. But when I said that since Ula doesn&#039;t want to come to Ulk\u00f3w anymore... And that was it! Ulkowo caught our ear and stayed with us for good.<\/p><p>When the houses began to take shape, we noticed that they resembled beehives. Everything started to fit together. Honey from our own apiary for guests (Mateusz and his dad take care of the apiary, 25 km away from S\u0142ajszewo), our little bee Ulka, and houses - large hives.<\/p>\t\t\t\t\t\t\t\t<\/div>\n\t\t\t\t<\/div>\n\t\t\t\t\t<\/div>\n\t\t<\/div>\n\t\t\t\t\t<\/div>\n\t\t<\/section>\n\t\t\t\t<section class=\"elementor-section elementor-top-section elementor-element elementor-element-b5c5094 elementor-section-boxed elementor-section-height-default elementor-section-height-default\" data-id=\"b5c5094\" data-element_type=\"section\">\n\t\t\t\t\t\t<div class=\"elementor-container elementor-column-gap-default\">\n\t\t\t\t\t<div class=\"elementor-column elementor-col-100 elementor-top-column elementor-element elementor-element-42b7eae\" data-id=\"42b7eae\" data-element_type=\"column\">\n\t\t\t<div class=\"elementor-widget-wrap elementor-element-populated\">\n\t\t\t\t\t\t<div class=\"elementor-element elementor-element-dc4c6e7 elementor-widget elementor-widget-gallery\" data-id=\"dc4c6e7\" data-element_type=\"widget\" data-settings=\"{&quot;gallery_layout&quot;:&quot;justified&quot;,&quot;lazyload&quot;:&quot;yes&quot;,&quot;ideal_row_height&quot;:{&quot;unit&quot;:&quot;px&quot;,&quot;size&quot;:200,&quot;sizes&quot;:[]},&quot;ideal_row_height_tablet&quot;:{&quot;unit&quot;:&quot;px&quot;,&quot;size&quot;:150,&quot;sizes&quot;:[]},&quot;ideal_row_height_mobile&quot;:{&quot;unit&quot;:&quot;px&quot;,&quot;size&quot;:150,&quot;sizes&quot;:[]},&quot;gap&quot;:{&quot;unit&quot;:&quot;px&quot;,&quot;size&quot;:10,&quot;sizes&quot;:[]},&quot;gap_tablet&quot;:{&quot;unit&quot;:&quot;px&quot;,&quot;size&quot;:10,&quot;sizes&quot;:[]},&quot;gap_mobile&quot;:{&quot;unit&quot;:&quot;px&quot;,&quot;size&quot;:10,&quot;sizes&quot;:[]},&quot;link_to&quot;:&quot;file&quot;,&quot;content_hover_animation&quot;:&quot;fade-in&quot;}\" data-widget_type=\"gallery.default\">\n\t\t\t\t<div class=\"elementor-widget-container\">\n\t\t\t\t\t\t\t<div class=\"elementor-gallery__container\">\n\t\t\t\t\t\t\t<a class=\"e-gallery-item elementor-gallery-item elementor-animated-content\" href=\"https:\/\/domkiulkowo.pl\/wp-content\/uploads\/2022\/12\/4N5A4962.webp\" data-elementor-open-lightbox=\"yes\" data-elementor-lightbox-slideshow=\"dc4c6e7\" data-elementor-lightbox-title=\"4N5A4962\" data-e-action-hash=\"#elementor-action%3Aaction%3Dlightbox%26settings%3DeyJpZCI6MjU4LCJ1cmwiOiJodHRwczpcL1wvZG9ta2l1bGtvd28ucGxcL3dwLWNvbnRlbnRcL3VwbG9hZHNcLzIwMjJcLzEyXC80TjVBNDk2Mi53ZWJwIiwic2xpZGVzaG93IjoiZGM0YzZlNyJ9\">\n\t\t\t\t\t<div class=\"e-gallery-image elementor-gallery-item__image\" data-thumbnail=\"https:\/\/domkiulkowo.pl\/wp-content\/uploads\/2022\/12\/4N5A4962-280x420.webp\" data-width=\"280\" data-height=\"420\" aria-label=\"\" role=\"img\" ><\/div>\n\t\t\t\t\t\t\t\t\t\t\t\t\t\t<\/a>\n\t\t\t\t\t\t\t<a class=\"e-gallery-item elementor-gallery-item elementor-animated-content\" href=\"https:\/\/domkiulkowo.pl\/wp-content\/uploads\/2023\/02\/4N5A4931.webp\" data-elementor-open-lightbox=\"yes\" data-elementor-lightbox-slideshow=\"dc4c6e7\" data-elementor-lightbox-title=\"4N5A4931\" data-e-action-hash=\"#elementor-action%3Aaction%3Dlightbox%26settings%3DeyJpZCI6NjIyLCJ1cmwiOiJodHRwczpcL1wvZG9ta2l1bGtvd28ucGxcL3dwLWNvbnRlbnRcL3VwbG9hZHNcLzIwMjNcLzAyXC80TjVBNDkzMS53ZWJwIiwic2xpZGVzaG93IjoiZGM0YzZlNyJ9\">\n\t\t\t\t\t<div class=\"e-gallery-image elementor-gallery-item__image\" data-thumbnail=\"https:\/\/domkiulkowo.pl\/wp-content\/uploads\/2023\/02\/4N5A4931-420x280.webp\" data-width=\"420\" data-height=\"280\" aria-label=\"\" role=\"img\" ><\/div>\n\t\t\t\t\t\t\t\t\t\t\t\t\t\t<\/a>\n\t\t\t\t\t\t\t<a class=\"e-gallery-item elementor-gallery-item elementor-animated-content\" href=\"https:\/\/domkiulkowo.pl\/wp-content\/uploads\/2023\/03\/4N5A4906-scaled.jpg\" data-elementor-open-lightbox=\"yes\" data-elementor-lightbox-slideshow=\"dc4c6e7\" data-elementor-lightbox-title=\"domki Ulkowo\" data-e-action-hash=\"#elementor-action%3Aaction%3Dlightbox%26settings%3DeyJpZCI6NzI2LCJ1cmwiOiJodHRwczpcL1wvZG9ta2l1bGtvd28ucGxcL3dwLWNvbnRlbnRcL3VwbG9hZHNcLzIwMjNcLzAzXC80TjVBNDkwNi1zY2FsZWQuanBnIiwic2xpZGVzaG93IjoiZGM0YzZlNyJ9\">\n\t\t\t\t\t<div class=\"e-gallery-image elementor-gallery-item__image\" data-thumbnail=\"https:\/\/domkiulkowo.pl\/wp-content\/uploads\/2023\/03\/4N5A4906-280x420.jpg\" data-width=\"280\" data-height=\"420\" aria-label=\"\" role=\"img\" ><\/div>\n\t\t\t\t\t\t\t\t\t\t\t\t\t\t<\/a>\n\t\t\t\t\t\t\t<a class=\"e-gallery-item elementor-gallery-item elementor-animated-content\" href=\"https:\/\/domkiulkowo.pl\/wp-content\/uploads\/2023\/03\/4N5A4912-scaled.jpg\" data-elementor-open-lightbox=\"yes\" data-elementor-lightbox-slideshow=\"dc4c6e7\" data-elementor-lightbox-title=\"domki Ulkowo\" data-e-action-hash=\"#elementor-action%3Aaction%3Dlightbox%26settings%3DeyJpZCI6NzI3LCJ1cmwiOiJodHRwczpcL1wvZG9ta2l1bGtvd28ucGxcL3dwLWNvbnRlbnRcL3VwbG9hZHNcLzIwMjNcLzAzXC80TjVBNDkxMi1zY2FsZWQuanBnIiwic2xpZGVzaG93IjoiZGM0YzZlNyJ9\">\n\t\t\t\t\t<div class=\"e-gallery-image elementor-gallery-item__image\" data-thumbnail=\"https:\/\/domkiulkowo.pl\/wp-content\/uploads\/2023\/03\/4N5A4912-420x280.jpg\" data-width=\"420\" data-height=\"280\" aria-label=\"\" role=\"img\" ><\/div>\n\t\t\t\t\t\t\t\t\t\t\t\t\t\t<\/a>\n\t\t\t\t\t\t\t<a class=\"e-gallery-item elementor-gallery-item elementor-animated-content\" href=\"https:\/\/domkiulkowo.pl\/wp-content\/uploads\/2023\/03\/4N5A4988-scaled.jpg\" data-elementor-open-lightbox=\"yes\" data-elementor-lightbox-slideshow=\"dc4c6e7\" data-elementor-lightbox-title=\"domki Ulkowo\" data-e-action-hash=\"#elementor-action%3Aaction%3Dlightbox%26settings%3DeyJpZCI6NzI4LCJ1cmwiOiJodHRwczpcL1wvZG9ta2l1bGtvd28ucGxcL3dwLWNvbnRlbnRcL3VwbG9hZHNcLzIwMjNcLzAzXC80TjVBNDk4OC1zY2FsZWQuanBnIiwic2xpZGVzaG93IjoiZGM0YzZlNyJ9\">\n\t\t\t\t\t<div class=\"e-gallery-image elementor-gallery-item__image\" data-thumbnail=\"https:\/\/domkiulkowo.pl\/wp-content\/uploads\/2023\/03\/4N5A4988-420x280.jpg\" data-width=\"420\" data-height=\"280\" aria-label=\"\" role=\"img\" ><\/div>\n\t\t\t\t\t\t\t\t\t\t\t\t\t\t<\/a>\n\t\t\t\t\t\t\t<a class=\"e-gallery-item elementor-gallery-item elementor-animated-content\" href=\"https:\/\/domkiulkowo.pl\/wp-content\/uploads\/2023\/03\/4N5A5000-scaled.jpg\" data-elementor-open-lightbox=\"yes\" data-elementor-lightbox-slideshow=\"dc4c6e7\" data-elementor-lightbox-title=\"domki Ulkowo\" data-e-action-hash=\"#elementor-action%3Aaction%3Dlightbox%26settings%3DeyJpZCI6NzI5LCJ1cmwiOiJodHRwczpcL1wvZG9ta2l1bGtvd28ucGxcL3dwLWNvbnRlbnRcL3VwbG9hZHNcLzIwMjNcLzAzXC80TjVBNTAwMC1zY2FsZWQuanBnIiwic2xpZGVzaG93IjoiZGM0YzZlNyJ9\">\n\t\t\t\t\t<div class=\"e-gallery-image elementor-gallery-item__image\" data-thumbnail=\"https:\/\/domkiulkowo.pl\/wp-content\/uploads\/2023\/03\/4N5A5000-420x280.jpg\" data-width=\"420\" data-height=\"280\" aria-label=\"\" role=\"img\" ><\/div>\n\t\t\t\t\t\t\t\t\t\t\t\t\t\t<\/a>\n\t\t\t\t\t\t\t<a class=\"e-gallery-item elementor-gallery-item elementor-animated-content\" href=\"https:\/\/domkiulkowo.pl\/wp-content\/uploads\/2023\/03\/4N5A4936-scaled.jpg\" data-elementor-open-lightbox=\"yes\" data-elementor-lightbox-slideshow=\"dc4c6e7\" data-elementor-lightbox-title=\"domki Ulkowo\" data-e-action-hash=\"#elementor-action%3Aaction%3Dlightbox%26settings%3DeyJpZCI6NzMwLCJ1cmwiOiJodHRwczpcL1wvZG9ta2l1bGtvd28ucGxcL3dwLWNvbnRlbnRcL3VwbG9hZHNcLzIwMjNcLzAzXC80TjVBNDkzNi1zY2FsZWQuanBnIiwic2xpZGVzaG93IjoiZGM0YzZlNyJ9\">\n\t\t\t\t\t<div class=\"e-gallery-image elementor-gallery-item__image\" data-thumbnail=\"https:\/\/domkiulkowo.pl\/wp-content\/uploads\/2023\/03\/4N5A4936-280x420.jpg\" data-width=\"280\" data-height=\"420\" aria-label=\"\" role=\"img\" ><\/div>\n\t\t\t\t\t\t\t\t\t\t\t\t\t\t<\/a>\n\t\t\t\t\t\t\t<a class=\"e-gallery-item elementor-gallery-item elementor-animated-content\" href=\"https:\/\/domkiulkowo.pl\/wp-content\/uploads\/2023\/03\/4N5A4949-scaled.jpg\" data-elementor-open-lightbox=\"yes\" data-elementor-lightbox-slideshow=\"dc4c6e7\" data-elementor-lightbox-title=\"domki Ulkowo\" data-e-action-hash=\"#elementor-action%3Aaction%3Dlightbox%26settings%3DeyJpZCI6NzMxLCJ1cmwiOiJodHRwczpcL1wvZG9ta2l1bGtvd28ucGxcL3dwLWNvbnRlbnRcL3VwbG9hZHNcLzIwMjNcLzAzXC80TjVBNDk0OS1zY2FsZWQuanBnIiwic2xpZGVzaG93IjoiZGM0YzZlNyJ9\">\n\t\t\t\t\t<div class=\"e-gallery-image elementor-gallery-item__image\" data-thumbnail=\"https:\/\/domkiulkowo.pl\/wp-content\/uploads\/2023\/03\/4N5A4949-420x280.jpg\" data-width=\"420\" data-height=\"280\" aria-label=\"\" role=\"img\" ><\/div>\n\t\t\t\t\t\t\t\t\t\t\t\t\t\t<\/a>\n\t\t\t\t\t\t\t<a class=\"e-gallery-item elementor-gallery-item elementor-animated-content\" href=\"https:\/\/domkiulkowo.pl\/wp-content\/uploads\/2023\/03\/4N5A4979-2-scaled.jpg\" data-elementor-open-lightbox=\"yes\" data-elementor-lightbox-slideshow=\"dc4c6e7\" data-elementor-lightbox-title=\"domki Ulkowo\" data-e-action-hash=\"#elementor-action%3Aaction%3Dlightbox%26settings%3DeyJpZCI6NzMyLCJ1cmwiOiJodHRwczpcL1wvZG9ta2l1bGtvd28ucGxcL3dwLWNvbnRlbnRcL3VwbG9hZHNcLzIwMjNcLzAzXC80TjVBNDk3OS0yLXNjYWxlZC5qcGciLCJzbGlkZXNob3ciOiJkYzRjNmU3In0%3D\">\n\t\t\t\t\t<div class=\"e-gallery-image elementor-gallery-item__image\" data-thumbnail=\"https:\/\/domkiulkowo.pl\/wp-content\/uploads\/2023\/03\/4N5A4979-2-420x280.jpg\" data-width=\"420\" data-height=\"280\" aria-label=\"\" role=\"img\" ><\/div>\n\t\t\t\t\t\t\t\t\t\t\t\t\t\t<\/a>\n\t\t\t\t\t<\/div>\n\t\t\t\t\t<\/div>\n\t\t\t\t<\/div>\n\t\t\t\t\t<\/div>\n\t\t<\/div>\n\t\t\t\t\t<\/div>\n\t\t<\/section>\n\t\t\t\t<\/div>","protected":false},"excerpt":{"rendered":"<p>O nas Poznaj nasz\u0105 miodow\u0105 rodzink\u0119 Miodowa rodzinka to my, czyli Amelia, Mateusz i ma\u0142a pszcz\u00f3\u0142ka \u2013 Ulka , kt\u00f3rej imi\u0119 zainspirowa\u0142o nazw\u0119 naszego miejsca. Pewnego dnia, wracaj\u0105c z budowy, nasza roczna wtedy c\u00f3rka marudzi\u0142a w aucie. Zabawia\u0142am j\u0105, wymy\u015blaj\u0105c nazwy dla naszych domk\u00f3w. Nadmorski zak\u0105tek, polne zacisze, nie przypad\u0142y Uli do gustu. Nic dziwnego, [&hellip;]<\/p>","protected":false},"author":3,"featured_media":0,"parent":0,"menu_order":0,"comment_status":"closed","ping_status":"closed","template":"","meta":{"site-sidebar-layout":"no-sidebar","site-content-layout":"page-builder","ast-site-content-layout":"default","site-content-style":"default","site-sidebar-style":"default","ast-global-header-display":"","ast-banner-title-visibility":"","ast-main-header-display":"","ast-hfb-above-header-display":"","ast-hfb-below-header-display":"","ast-hfb-mobile-header-display":"","site-post-title":"disabled","ast-breadcrumbs-content":"","ast-featured-img":"disabled","footer-sml-layout":"","ast-disable-related-posts":"","theme-transparent-header-meta":"","adv-header-id-meta":"","stick-header-meta":"","header-above-stick-meta":"","header-main-stick-meta":"","header-below-stick-meta":"","astra-migrate-meta-layouts":"default","ast-page-background-enabled":"default","ast-page-background-meta":{"desktop":{"background-color":"var(--ast-global-color-4)","background-image":"","background-repeat":"repeat","background-position":"center center","background-size":"auto","background-attachment":"scroll","background-type":"","background-media":"","overlay-type":"","overlay-color":"","overlay-opacity":"","overlay-gradient":""},"tablet":{"background-color":"","background-image":"","background-repeat":"repeat","background-position":"center center","background-size":"auto","background-attachment":"scroll","background-type":"","background-media":"","overlay-type":"","overlay-color":"","overlay-opacity":"","overlay-gradient":""},"mobile":{"background-color":"","background-image":"","background-repeat":"repeat","background-position":"center center","background-size":"auto","background-attachment":"scroll","background-type":"","background-media":"","overlay-type":"","overlay-color":"","overlay-opacity":"","overlay-gradient":""}},"ast-content-background-meta":{"desktop":{"background-color":"var(--ast-global-color-5)","background-image":"","background-repeat":"repeat","background-position":"center center","background-size":"auto","background-attachment":"scroll","background-type":"","background-media":"","overlay-type":"","overlay-color":"","overlay-opacity":"","overlay-gradient":""},"tablet":{"background-color":"var(--ast-global-color-5)","background-image":"","background-repeat":"repeat","background-position":"center center","background-size":"auto","background-attachment":"scroll","background-type":"","background-media":"","overlay-type":"","overlay-color":"","overlay-opacity":"","overlay-gradient":""},"mobile":{"background-color":"var(--ast-global-color-5)","background-image":"","background-repeat":"repeat","background-position":"center center","background-size":"auto","background-attachment":"scroll","background-type":"","background-media":"","overlay-type":"","overlay-color":"","overlay-opacity":"","overlay-gradient":""}},"footnotes":""},"class_list":["post-679","page","type-page","status-publish","hentry"],"aioseo_notices":[],"_links":{"self":[{"href":"https:\/\/domkiulkowo.pl\/en\/wp-json\/wp\/v2\/pages\/679","targetHints":{"allow":["GET"]}}],"collection":[{"href":"https:\/\/domkiulkowo.pl\/en\/wp-json\/wp\/v2\/pages"}],"about":[{"href":"https:\/\/domkiulkowo.pl\/en\/wp-json\/wp\/v2\/types\/page"}],"author":[{"embeddable":true,"href":"https:\/\/domkiulkowo.pl\/en\/wp-json\/wp\/v2\/users\/3"}],"replies":[{"embeddable":true,"href":"https:\/\/domkiulkowo.pl\/en\/wp-json\/wp\/v2\/comments?post=679"}],"version-history":[{"count":13,"href":"https:\/\/domkiulkowo.pl\/en\/wp-json\/wp\/v2\/pages\/679\/revisions"}],"predecessor-version":[{"id":735,"href":"https:\/\/domkiulkowo.pl\/en\/wp-json\/wp\/v2\/pages\/679\/revisions\/735"}],"wp:attachment":[{"href":"https:\/\/domkiulkowo.pl\/en\/wp-json\/wp\/v2\/media?parent=679"}],"curies":[{"name":"wp","href":"https:\/\/api.w.org\/{rel}","templated":true}]}}